{"id":1839,"date":"2021-02-18T09:46:13","date_gmt":"2021-02-18T08:46:13","guid":{"rendered":"https:\/\/brainconnection.fr\/?page_id=1839"},"modified":"2021-03-15T09:29:00","modified_gmt":"2021-03-15T08:29:00","slug":"mes-engagements","status":"publish","type":"page","link":"https:\/\/brainconnection.fr\/index.php\/mes-engagements\/","title":{"rendered":"MES ENGAGEMENTS"},"content":{"rendered":"\n<div class=\"wp-container-3 wp-block-columns\">\n<div class=\"wp-container-1 wp-block-column\" style=\"flex-basis:66.66%\">\n<p>\u00a0\u2714 RESPECT DE L\u2019INDIVIDU Respecter l\u2019int\u00e9grit\u00e9 et les valeurs propres \u00e0 chaque individu et proposer un accompagnement. <\/p>\n\n\n\n<p>\u2714 AUTONOMIE ET RESPONSABILIT\u00c9 Conduire chaque client vers une autonomie et une responsabilisation quant \u00e0 l\u2019appropriation des outils que je propose.<\/p>\n\n\n\n<p>\u00a0\u2714 SECRET PROFESSIONNEL Tenus aux r\u00e8gles usuelles du secret professionnel, tous les \u00e9l\u00e9ments d\u2019ordre priv\u00e9 qui pourront \u00eatre amen\u00e9s \u00e0 \u00eatre \u00e9chang\u00e9s lors de nos \u00e9changes resteront strictement confidentiels.<\/p>\n<\/div>\n\n\n\n<div class=\"wp-container-2 wp-block-column\" style=\"flex-basis:33.33%\">\n<figure class=\"wp-block-image is-resized\"><img loading=\"lazy\" src=\"https:\/\/boutique-langelique.fr\/images_contenu\/6_actu_20s5i.jpg\" alt=\"Mes engagements\" width=\"342\" height=\"244\"\/><\/figure>\n\n\n\n<p><\/p>\n<\/div>\n<\/div>\n","protected":false},"excerpt":{"rendered":"<p>\u00a0\u2714 RESPECT DE L\u2019INDIVIDU Respecter l\u2019int\u00e9grit\u00e9 et les valeurs propres \u00e0 chaque individu et proposer un accompagnement. \u2714 AUTONOMIE ET RESPONSABILIT\u00c9 Conduire chaque client vers une autonomie et une responsabilisation quant \u00e0 l\u2019appropriation des outils que je propose. \u00a0\u2714 SECRET PROFESSIONNEL Tenus aux r\u00e8gles usuelles du secret professionnel, tous les \u00e9l\u00e9ments d\u2019ordre priv\u00e9 qui pourront &#8230; <a title=\"MES ENGAGEMENTS\" class=\"read-more\" href=\"https:\/\/brainconnection.fr\/index.php\/mes-engagements\/\" aria-label=\"En savoir plus sur MES ENGAGEMENTS\">Lire la suite<\/a><\/p>\n","protected":false},"author":1,"featured_media":0,"parent":0,"menu_order":0,"comment_status":"closed","ping_status":"closed","template":"","meta":[],"_links":{"self":[{"href":"https:\/\/brainconnection.fr\/index.php\/wp-json\/wp\/v2\/pages\/1839"}],"collection":[{"href":"https:\/\/brainconnection.fr\/index.php\/wp-json\/wp\/v2\/pages"}],"about":[{"href":"https:\/\/brainconnection.fr\/index.php\/wp-json\/wp\/v2\/types\/page"}],"author":[{"embeddable":true,"href":"https:\/\/brainconnection.fr\/index.php\/wp-json\/wp\/v2\/users\/1"}],"replies":[{"embeddable":true,"href":"https:\/\/brainconnection.fr\/index.php\/wp-json\/wp\/v2\/comments?post=1839"}],"version-history":[{"count":2,"href":"https:\/\/brainconnection.fr\/index.php\/wp-json\/wp\/v2\/pages\/1839\/revisions"}],"predecessor-version":[{"id":2091,"href":"https:\/\/brainconnection.fr\/index.php\/wp-json\/wp\/v2\/pages\/1839\/revisions\/2091"}],"wp:attachment":[{"href":"https:\/\/brainconnection.fr\/index.php\/wp-json\/wp\/v2\/media?parent=1839"}],"curies":[{"name":"wp","href":"https:\/\/api.w.org\/{rel}","templated":true}]}}