{"id":68,"date":"2019-02-10T17:09:27","date_gmt":"2019-02-10T16:09:27","guid":{"rendered":"http:\/\/brainconnection.fr\/?page_id=68"},"modified":"2022-02-28T11:55:02","modified_gmt":"2022-02-28T10:55:02","slug":"qui-suis-je","status":"publish","type":"page","link":"https:\/\/brainconnection.fr\/index.php\/qui-suis-je\/","title":{"rendered":"QUI SUIS JE ?"},"content":{"rendered":"\t\t<div data-elementor-type=\"wp-page\" data-elementor-id=\"68\" class=\"elementor elementor-68\" data-elementor-settings=\"[]\">\n\t\t\t\t\t\t<div class=\"elementor-inner\">\n\t\t\t\t\t\t\t<div class=\"elementor-section-wrap\">\n\t\t\t\t\t\t\t<section class=\"elementor-section elementor-top-section elementor-element elementor-element-6494993e elementor-section-boxed elementor-section-height-default elementor-section-height-default\" data-id=\"6494993e\" data-element_type=\"section\">\n\t\t\t\t\t\t<div class=\"elementor-container elementor-column-gap-default\">\n\t\t\t\t\t\t\t<div class=\"elementor-row\">\n\t\t\t\t\t<div class=\"elementor-column elementor-col-100 elementor-top-column elementor-element elementor-element-521c39f6\" data-id=\"521c39f6\" data-element_type=\"column\">\n\t\t\t<div class=\"elementor-column-wrap elementor-element-populated\">\n\t\t\t\t\t\t\t<div class=\"elementor-widget-wrap\">\n\t\t\t\t\t\t<div class=\"elementor-element elementor-element-67e6154 elementor-widget elementor-widget-image\" data-id=\"67e6154\" data-element_type=\"widget\" data-widget_type=\"image.default\">\n\t\t\t\t<div class=\"elementor-widget-container\">\n\t\t\t\t\t<div class=\"elementor-image\">\n\t\t\t\t\t\t\t<figure class=\"wp-caption\">\n\t\t\t\t\t\t\t\t\t\t<img width=\"300\" height=\"284\" src=\"https:\/\/brainconnection.fr\/wp-content\/uploads\/2022\/02\/IMG-20220113-WA0001-2-300x284.jpg\" class=\"attachment-medium size-medium\" alt=\"\" loading=\"lazy\" srcset=\"https:\/\/brainconnection.fr\/wp-content\/uploads\/2022\/02\/IMG-20220113-WA0001-2-300x284.jpg 300w, https:\/\/brainconnection.fr\/wp-content\/uploads\/2022\/02\/IMG-20220113-WA0001-2-1024x969.jpg 1024w, https:\/\/brainconnection.fr\/wp-content\/uploads\/2022\/02\/IMG-20220113-WA0001-2-768x726.jpg 768w, https:\/\/brainconnection.fr\/wp-content\/uploads\/2022\/02\/IMG-20220113-WA0001-2-1536x1453.jpg 1536w, https:\/\/brainconnection.fr\/wp-content\/uploads\/2022\/02\/IMG-20220113-WA0001-2.jpg 2048w\" sizes=\"(max-width: 300px) 100vw, 300px\" \/>\t\t\t\t\t\t\t\t\t\t\t<figcaption class=\"widget-image-caption wp-caption-text\"><\/figcaption>\n\t\t\t\t\t\t\t\t\t\t<\/figure>\n\t\t\t\t\t<\/div>\n\t\t\t\t<\/div>\n\t\t\t\t<\/div>\n\t\t\t\t<div class=\"elementor-element elementor-element-23340ef3 elementor-widget elementor-widget-text-editor\" data-id=\"23340ef3\" data-element_type=\"widget\" data-widget_type=\"text-editor.default\">\n\t\t\t\t<div class=\"elementor-widget-container\">\n\t\t\t\t\t<div class=\"elementor-text-editor elementor-clearfix\"><p><!-- wp:image {\"align\":\"center\",\"id\":2098,\"sizeSlug\":\"large\",\"linkDestination\":\"none\"} --><\/p>\n<div>\n<figure><\/figure>\n<figure><\/figure>\n<figure>\n<p>\u00a0<\/p>\n<h2 style=\"text-align: center;\"><b>Ibtissame Chafiki\u00a0<\/b><\/h2>\n<p><b>Coach en d\u00e9veloppement personnel et professionnel- Praticienne Neurofeedback Dynamique certifi\u00e9e par l\u2019Institut Zengar de Montr\u00e9al-Praticienne en Enn\u00e9agramme certifi\u00e9e.<\/b><\/p>\n<p><span style=\"font-weight: 400;\">Ibtissame CHAFIKI est titulaire d\u2019un master en coaching d\u00e9livr\u00e9 par Linkup Coaching de Paris.<\/span><\/p>\n<p><span style=\"font-weight: 400;\">Ibtissame est Titulaire d\u2019une licence en management des processus industrielles d\u00e9livr\u00e9e par l\u2019I<\/span><span style=\"font-weight: 400;\">nstitut Universitaire de Technologie, <\/span><span style=\"font-weight: 400;\">cumulant plus de 22 ann\u00e9es d\u2019exp\u00e9rience professionnelle principalement dans le management, la gestion de projet et le recrutement, elle a \u00e9volu\u00e9e au sein d&rsquo;une grand groupe international\u00a0 <\/span><span style=\"font-weight: 400;\">dans l\u2019industrie automobile.<\/span><\/p>\n<p><span style=\"font-weight: 400;\">Pr\u00e9sidente et directrice g\u00e9n\u00e9rale chez Brain Connection (Soci\u00e9t\u00e9 de Coaching et d&rsquo;Entra\u00eenement c\u00e9r\u00e9bral),<\/span><span style=\"font-weight: 400;\">Ibtissame est passionn\u00e9e par l\u2019humain et e<\/span><span style=\"font-weight: 400;\">lle a c\u0153ur <\/span><span style=\"font-weight: 400;\">d\u2019accompagner les professionnels et ou les particuliers <\/span><span style=\"font-weight: 400;\">qui souhaitent donner un coup d\u2019acc\u00e9l\u00e9rateur \u00e0 leur carri\u00e8re, effectuer avec succ\u00e8s une transition et\/ou <\/span><span style=\"font-weight: 400;\">donner du sens \u00e0 leurs vies.<\/span><\/p>\n<p><span style=\"font-weight: 400;\">Son approche per\u00e7oit et aide l\u2019individu dans sa globalit\u00e9 avec un accompagnement personnalis\u00e9 alliant le Coaching, le Neurofeedback et l&rsquo;Enn\u00e9agramme r\u00e9pondra \u00e0 vos besoins..<\/span><\/p>\n<p>\u00a0<\/p>\n<\/figure>\n<\/div>\n<p><!-- \/wp:paragraph --><!-- wp:paragraph --><\/p>\n<h4 style=\"font-family: Roboto, sans-serif; font-style: normal;\">Ibtissame Chafiki<br \/>Coach\u00a0&amp; Entra\u00eeneur C\u00e9r\u00e9bral<br \/>07.82.28.76.04<\/h4>\n<p><!-- \/wp:paragraph --><!-- wp:paragraph --><\/p>\n<p><!-- \/wp:paragraph --><!-- wp:paragraph --><\/p>\n<p><!-- \/wp:paragraph --><!-- wp:html --><!-- D\u00e9but de widget en ligne Calendly --><\/p>\n<div style=\"min-width: 320px; height: 630px;\" data-url=\"https:\/\/calendly.com\/brain-connection\/60-min\">\u00a0<\/div>\n<p>\u00a0<\/p>\n<p><!-- Fin de widget en ligne Calendly --><!-- \/wp:html --><\/p><\/div>\n\t\t\t\t<\/div>\n\t\t\t\t<\/div>\n\t\t\t\t\t\t<\/div>\n\t\t\t\t\t<\/div>\n\t\t<\/div>\n\t\t\t\t\t\t\t\t<\/div>\n\t\t\t\t\t<\/div>\n\t\t<\/section>\n\t\t\t\t\t\t<\/div>\n\t\t\t\t\t\t<\/div>\n\t\t\t\t\t<\/div>\n\t\t","protected":false},"excerpt":{"rendered":"<p>Ibtissame ChafikiCoach\u00a0&amp; Entra\u00eeneur C\u00e9r\u00e9bral07.82.28.76.04 \u00a0 \u00a0<\/p>\n","protected":false},"author":1,"featured_media":0,"parent":0,"menu_order":0,"comment_status":"closed","ping_status":"closed","template":"","meta":[],"_links":{"self":[{"href":"https:\/\/brainconnection.fr\/index.php\/wp-json\/wp\/v2\/pages\/68"}],"collection":[{"href":"https:\/\/brainconnection.fr\/index.php\/wp-json\/wp\/v2\/pages"}],"about":[{"href":"https:\/\/brainconnection.fr\/index.php\/wp-json\/wp\/v2\/types\/page"}],"author":[{"embeddable":true,"href":"https:\/\/brainconnection.fr\/index.php\/wp-json\/wp\/v2\/users\/1"}],"replies":[{"embeddable":true,"href":"https:\/\/brainconnection.fr\/index.php\/wp-json\/wp\/v2\/comments?post=68"}],"version-history":[{"count":19,"href":"https:\/\/brainconnection.fr\/index.php\/wp-json\/wp\/v2\/pages\/68\/revisions"}],"predecessor-version":[{"id":2237,"href":"https:\/\/brainconnection.fr\/index.php\/wp-json\/wp\/v2\/pages\/68\/revisions\/2237"}],"wp:attachment":[{"href":"https:\/\/brainconnection.fr\/index.php\/wp-json\/wp\/v2\/media?parent=68"}],"curies":[{"name":"wp","href":"https:\/\/api.w.org\/{rel}","templated":true}]}}