{"id":88,"date":"2019-02-10T17:19:41","date_gmt":"2019-02-10T16:19:41","guid":{"rendered":"http:\/\/brainconnection.fr\/?page_id=88"},"modified":"2025-02-25T14:33:09","modified_gmt":"2025-02-25T13:33:09","slug":"le-neurofeedback","status":"publish","type":"page","link":"https:\/\/brainconnection.fr\/","title":{"rendered":"DYNAMICAL NEUROFEEDBACK\u00ae"},"content":{"rendered":"\n<div class=\"wp-block-button aligncenter\"><a class=\"wp-block-button__link has-vivid-cyan-blue-background-color has-background\" href=\"tel:+33782287604\">Cliquez ici pour appeler<\/a><\/div>\n\n\n\n<h1><strong>La m\u00e9thode NeurOptimal\u00ae<\/strong><\/h1>\n\n\n\n<figure class=\"wp-block-embed is-type-video is-provider-youtube wp-block-embed-youtube wp-embed-aspect-16-9 wp-has-aspect-ratio\"><div class=\"wp-block-embed__wrapper\">\n<iframe loading=\"lazy\" width=\"1200\" height=\"675\" src=\"https:\/\/www.youtube.com\/embed\/sB1TYfewNAo?feature=oembed\" frameborder=\"0\" allow=\"accelerometer; autoplay; clipboard-write; encrypted-media; gyroscope; picture-in-picture\" allowfullscreen><\/iframe>\n<\/div><\/figure>\n\n\n\n<h2><strong>Qu\u2019est-ce que<\/strong> <strong>c&rsquo;est<\/strong> <strong> ?<\/strong><\/h2>\n\n\n\n<p>Des d\u00e9couvertes r\u00e9centes ont r\u00e9volutionn\u00e9 l\u2019approche du comportement humain et en particulier celles concernant le fonctionnement c\u00e9r\u00e9bral.<\/p>\n\n\n<div class=\"wp-block-image\">\n<figure class=\"aligncenter is-resized\"><img loading=\"lazy\" src=\"http:\/\/brainconnection.fr\/wp-content\/uploads\/2020\/05\/neuroptimal-978x1024.jpg\" alt=\"\" class=\"wp-image-1140\" width=\"360\" height=\"377\" srcset=\"https:\/\/brainconnection.fr\/wp-content\/uploads\/2020\/05\/neuroptimal-978x1024.jpg 978w, https:\/\/brainconnection.fr\/wp-content\/uploads\/2020\/05\/neuroptimal-286x300.jpg 286w, https:\/\/brainconnection.fr\/wp-content\/uploads\/2020\/05\/neuroptimal-768x804.jpg 768w, https:\/\/brainconnection.fr\/wp-content\/uploads\/2020\/05\/neuroptimal.jpg 1039w\" sizes=\"(max-width: 360px) 100vw, 360px\" \/><\/figure><\/div>\n\n\n<p><br>Notre cerveau est une structure dynamique capable de traiter une quantit\u00e9 massive d\u2019informations, de d\u00e9velopper des solutions et de les appliquer pour augmenter son efficacit\u00e9.<br><\/p>\n\n\n<div class=\"wp-block-image\">\n<figure class=\"alignright is-resized\"><img loading=\"lazy\" src=\"http:\/\/brainconnection.fr\/wp-content\/uploads\/2020\/05\/texte-2.jpg\" alt=\"\" class=\"wp-image-1143\" width=\"480\" height=\"570\" srcset=\"https:\/\/brainconnection.fr\/wp-content\/uploads\/2020\/05\/texte-2.jpg 646w, https:\/\/brainconnection.fr\/wp-content\/uploads\/2020\/05\/texte-2-252x300.jpg 252w\" sizes=\"(max-width: 480px) 100vw, 480px\" \/><\/figure><\/div>\n\n\n<p>NeurOptimal\u00ae est une technologie de pointe consid\u00e9rablement \u00e9volu\u00e9e, utilisant un logiciel math\u00e9matique en 4D. NeurOptimal\u00ae est capable de renforcer l\u2019incroyable potentiel naturel c\u00e9r\u00e9bral en l\u2019aidant \u00e0 un meilleur traitement d\u2019informations. Ceci sans intervenir, ni manipuler ni imposer.<\/p>\n\n\n\n<p>Il s\u2019agit d\u2019une approche globale dont les effets b\u00e9n\u00e9fiques sont visibles dans de tr\u00e8s nombreux domaines.<\/p>\n\n\n\n<p><br>Cette m\u00e9thode holistique* ne vise pas une probl\u00e9matique en particulier mais peut procurer un bien-\u00eatre g\u00e9n\u00e9ral.<\/p>\n\n\n\n<p><br>C\u2019est un entra\u00eenement c\u00e9r\u00e9bral qui interagit avec votre cerveau \u00e0 raison de 256 fois par seconde. Il est non invasif, indolore, doux et peut \u00eatre utilis\u00e9 de fa\u00e7on r\u00e9guli\u00e8re sans aucun danger.<br><\/p>\n\n\n\n<p>NeurOptimal\u00ae est utilis\u00e9 dans le cadre d\u2019une recherche de bien\u2011\u00eatre mais aussi pour aider \u00e0 l\u2019am\u00e9lioration des performances et de la cr\u00e9ativit\u00e9.<\/p>\n\n\n\n<figure class=\"wp-block-image is-resized\"><img loading=\"lazy\" src=\"http:\/\/brainconnection.fr\/wp-content\/uploads\/2020\/05\/have-you-train-your-brain-today.jpg\" alt=\"\" width=\"855\" height=\"178\"\/><\/figure>\n\n\n\n<p>*Le terme d\u00e9signe des m\u00e9thodes qui seraient fond\u00e9es sur la notion d\u2019un soin apport\u00e9 en tenant compte de la \u00ab globalit\u00e9 de l\u2019\u00eatre humain \u00bb : physique, \u00e9motionnel, mental\u2026<br>\n**Avez-vous entrain\u00e9 votre cerveau aujourd\u2019hui ?<\/p>\n\n\n\n<h2><strong>POUR QUI ?<\/strong><\/h2>\n\n\n\n<h2>Il s\u2019adresse \u00e0&nbsp;<strong>tous<\/strong>&nbsp;et convient \u00e0&nbsp;<strong>tous les \u00e2ges de la vie<\/strong>. <\/h2>\n\n\n\n<h2><\/h2>\n\n\n\n<h2><strong>Pour les enfants <\/strong><\/h2>\n\n\n<div class=\"wp-block-image\">\n<figure class=\"aligncenter\"><img src=\"http:\/\/brainconnection.fr\/wp-content\/uploads\/2019\/02\/th.jpg\" alt=\"\"\/><\/figure><\/div>\n\n<div class=\"wp-block-image\">\n<figure class=\"alignleft\"><img src=\"http:\/\/brainconnection.fr\/wp-content\/uploads\/2019\/02\/helping-children-deal-with-anger.jpg\" alt=\"\"\/><\/figure><\/div>\n\n\n<p>Pas si facile d\u2019\u00eatre parents ! Nos enfants nous fascinent autant qu\u2019ils nous d\u00e9routent. R\u00e9actions parfois excessives, comportements violents, troubles du langage\u2026 Comment faire face \u00e0 leurs petits et gros probl\u00e8mes psychologiques. Certaines \u00e9tapes de la vie sont difficiles \u00e0 surmonter, d\u2019autant plus lorsque l\u2019on est enfant et que l\u2019on ne comprend pas tout ce qui se passe autour de soi. Le <strong>Dynamical Neurofeedback<\/strong><sup><strong>\u00ae<\/strong><\/sup> peut aider vos enfants dans le cadre de : Troubles des apprentissages (dyslexies, dyspraxies\u2026) Troubles de l\u2019attention, de la concentration, impulsivit\u00e9 Agressivit\u00e9, hyperactivit\u00e9 Troubles du comportement Epilepsie Troubles du sommeil, bruxisme, \u00e9nur\u00e9sie, cauchemars, terreurs nocturnes Troubles alimentaires.<\/p>\n\n\n\n<p><\/p>\n\n\n\n<h2><strong>Pour les adolescents<\/strong><\/h2>\n\n\n\n<figure class=\"wp-block-image is-resized\"><img loading=\"lazy\" src=\"http:\/\/brainconnection.fr\/wp-content\/uploads\/2020\/05\/groupe-dadolescents-1.jpg\" alt=\"\" width=\"508\" height=\"286\"\/><\/figure>\n\n\n\n<p>Votre enfant est aujourd\u2019hui un adolescent en pleine forme, avide d\u2019ind\u00e9pendance et d\u2019autonomie n\u00e9anmoins, de la crise d\u2019ado aux troubles du comportement alimentaire en passant par les difficult\u00e9s scolaires, le <strong>Dynamical Neurofeedback<\/strong><sup><strong>\u00ae<\/strong><\/sup> peut vous aider \u00e0 l\u2019accompagner dans cette \u00e9tape importante. <\/p>\n\n\n\n<h2><strong>Pour les \u00e9tudiants <\/strong><\/h2>\n\n\n<div class=\"wp-block-image\">\n<figure class=\"aligncenter is-resized\"><img loading=\"lazy\" src=\"http:\/\/brainconnection.fr\/wp-content\/uploads\/2019\/02\/etudiants-groupe-1170x585-1-1024x512.jpg\" alt=\"\" width=\"524\" height=\"262\"\/><\/figure><\/div>\n\n\n<p> Le <strong>Dynamical Neurofeedback<\/strong><sup><strong>\u00ae<\/strong><\/sup> accompagne l\u2019\u00e9tudiant dans sa gestion du stress et aide \u00e0 r\u00e9soudre les probl\u00e8mes de fatigue, et d\u2019insomnie. Il peut aider \u00e0 am\u00e9liorer, en quelques s\u00e9ances, la m\u00e9moire, la concentration et l\u2019organisation. <\/p>\n\n\n\n<h2><strong>Pour les adultes<\/strong><\/h2>\n\n\n\n<figure class=\"wp-block-image\"><img src=\"http:\/\/brainconnection.fr\/wp-content\/uploads\/2019\/02\/adulte-es1.png\" alt=\"\"\/><\/figure>\n\n\n\n<p>Le&nbsp;<em><strong>NeuroFeedback<\/strong><\/em>&nbsp;peut vous aider pour :<\/p>\n\n\n\n<ul><li>Troubles anxieux<\/li><li>Attaques de panique<\/li><li>TOC<\/li><li>Trouble anxieux g\u00e9n\u00e9ralis\u00e9<\/li><li>phobies<\/li><li>Syndr\u00f4me de Stress Post Traumatique\u2026<\/li><\/ul>\n\n\n\n<h2><em><strong>D\u00e9pression:<\/strong><\/em><\/h2>\n\n\n\n<figure class=\"wp-block-image is-resized\"><img loading=\"lazy\" src=\"http:\/\/brainconnection.fr\/wp-content\/uploads\/2019\/02\/depression.jpg\" alt=\"\" width=\"440\" height=\"293\"\/><\/figure>\n\n\n\n<p>Travail, conjoint, enfant. La vie quotidienne n\u2019est pas de tout repos ! Comment g\u00e9rer le stress ou \u00e9viter les coups de blues ? Quels sont les moyens de maintenir une vie harmonieuse ? Se sentir en phase avec soi-m\u00eame et utiliser au mieux ses capacit\u00e9s est essentiel. Apprendre \u00e0 s\u2019affirmer par exemple permet de mieux g\u00e9rer ses relations avec les autres. De m\u00eame, d\u00e9velopper sa cr\u00e9ativit\u00e9 et son intuition peuvent \u00eatre utile pour reprendre confiance en soi. En quelques dizaines d\u2019ann\u00e9es, la place de l\u2019homme dans la soci\u00e9t\u00e9 a \u00e9t\u00e9 largement boulevers\u00e9e. Au point que certains y perdent tous leurs rep\u00e8res ! Des complexes \u00e0 l\u2019anxi\u00e9t\u00e9 en passant par le stress, la d\u00e9pression ou les troubles du sommeil, Le <strong>Dynamical Neurofeedback<\/strong><sup><strong>\u00ae<\/strong><\/sup> peut  vous aider \u00e0 chasser le mal-\u00eatre !<\/p>\n\n\n\n<p><\/p>\n\n\n\n<h2><em><strong>Troubles du sommeil :<\/strong>\ufeff<\/em><\/h2>\n\n\n\n<figure class=\"wp-block-image is-resized\"><img loading=\"lazy\" src=\"http:\/\/brainconnection.fr\/wp-content\/uploads\/2020\/05\/Troubles-du-sommeil.jpg\" alt=\"\" width=\"600\" height=\"400\"\/><\/figure>\n\n\n\n<p><em><strong>Et aussi :<\/strong><\/em><\/p>\n\n\n\n<ul><li>Troubles li\u00e9s \u00e0 la d\u00e9pendance (Alcool, tabac, drogues\u2026)<\/li><li>Douleurs chroniques<\/li><li>Migraines<\/li><li>Acouph\u00e8nes<\/li><\/ul>\n\n\n\n<h2><strong>Pour les sportifs <\/strong><\/h2>\n\n\n\n<figure class=\"wp-block-image is-resized\"><img loading=\"lazy\" src=\"http:\/\/brainconnection.fr\/wp-content\/uploads\/2019\/02\/images-3.jpg\" alt=\"\" width=\"488\" height=\"244\"\/><\/figure>\n\n\n\n<p>Gestion du stress Am\u00e9lioration des performances, concentration, att\u00e9nuation des douleurs physiques.  <\/p>\n\n\n\n<p>Plusieurs athl\u00e8tes ne jurent que par le  <strong>Dynamical Neurofeedback<\/strong><sup><strong>\u00ae<\/strong><\/sup>  et disent que cela am\u00e9liore leur performance. Parmi eux,&nbsp;Ludivine LASNIER multiple championne de France,championne d\u2019Europe et triple championne du monde de Kick Boxing.  <br>St\u00e9phane Tourreau, vice-champion du monde d&rsquo;Apn\u00e9e en poids constant, membre de l&rsquo;\u00e9quipe de France.<\/p>\n\n\n\n<!-- D\u00e9but de widget en ligne Calendly -->\n<div class=\"calendly-inline-widget\" data-url=\"https:\/\/calendly.com\/brain-connection\/60-min\" style=\"min-width:320px;height:630px;\"><\/div>\n<script type=\"text\/javascript\" src=\"https:\/\/assets.calendly.com\/assets\/external\/widget.js\"><\/script>\n<!-- Fin de widget en ligne Calendly -->\n","protected":false},"excerpt":{"rendered":"<p>La m\u00e9thode NeurOptimal\u00ae Qu\u2019est-ce que c&rsquo;est ? Des d\u00e9couvertes r\u00e9centes ont r\u00e9volutionn\u00e9 l\u2019approche du comportement humain et en particulier celles concernant le fonctionnement c\u00e9r\u00e9bral. Notre cerveau est une structure dynamique capable de traiter une quantit\u00e9 massive d\u2019informations, de d\u00e9velopper des solutions et de les appliquer pour augmenter son efficacit\u00e9. NeurOptimal\u00ae est une technologie de pointe &#8230; <a title=\"DYNAMICAL NEUROFEEDBACK\u00ae\" class=\"read-more\" href=\"https:\/\/brainconnection.fr\/\" aria-label=\"En savoir plus sur DYNAMICAL NEUROFEEDBACK\u00ae\">Lire la suite<\/a><\/p>\n","protected":false},"author":1,"featured_media":0,"parent":0,"menu_order":1,"comment_status":"closed","ping_status":"closed","template":"","meta":[],"_links":{"self":[{"href":"https:\/\/brainconnection.fr\/index.php\/wp-json\/wp\/v2\/pages\/88"}],"collection":[{"href":"https:\/\/brainconnection.fr\/index.php\/wp-json\/wp\/v2\/pages"}],"about":[{"href":"https:\/\/brainconnection.fr\/index.php\/wp-json\/wp\/v2\/types\/page"}],"author":[{"embeddable":true,"href":"https:\/\/brainconnection.fr\/index.php\/wp-json\/wp\/v2\/users\/1"}],"replies":[{"embeddable":true,"href":"https:\/\/brainconnection.fr\/index.php\/wp-json\/wp\/v2\/comments?post=88"}],"version-history":[{"count":16,"href":"https:\/\/brainconnection.fr\/index.php\/wp-json\/wp\/v2\/pages\/88\/revisions"}],"predecessor-version":[{"id":2264,"href":"https:\/\/brainconnection.fr\/index.php\/wp-json\/wp\/v2\/pages\/88\/revisions\/2264"}],"wp:attachment":[{"href":"https:\/\/brainconnection.fr\/index.php\/wp-json\/wp\/v2\/media?parent=88"}],"curies":[{"name":"wp","href":"https:\/\/api.w.org\/{rel}","templated":true}]}}